{"id":386,"date":"2018-03-09T15:38:11","date_gmt":"2018-03-09T14:38:11","guid":{"rendered":"http:\/\/le-sagittaire.fr\/site\/?page_id=386"},"modified":"2025-03-13T10:35:58","modified_gmt":"2025-03-13T09:35:58","slug":"service-helios","status":"publish","type":"page","link":"https:\/\/le-sagittaire.fr\/site\/service-helios\/","title":{"rendered":"Service ACT H\u00e9lios"},"content":{"rendered":"<h4><span style=\"font-size: 12pt;\">H\u00e9lios est un service d&rsquo;Appartements de Coordination Th\u00e9rapeutique comprenant 2 dispositifs :\u00a0 \u00ab\u00a0h\u00e9bergement\u00a0\u00bb et \u00ab\u00a0hors les murs\u00a0\u00bb.<\/span><\/h4>\n<p><span style=\"font-size: 12pt;\">Le d\u00e9cret N\u00b02002-1227 du 3 octobre 2022 d\u00e9finit la fonction des ACT : <\/span><\/p>\n<p><span style=\"font-size: 12pt;\">\u00ab\u00a0Les Appartements de Coordination Th\u00e9rapeutique sont des structures qui h\u00e9bergent \u00e0 titre temporaire des personnes en situation de fragilit\u00e9 psychologique et sociale n\u00e9cessitant des soins et un suivi m\u00e9dical. Fonctionnant sans interruption, de mani\u00e8re \u00e0 optimiser une prise en charge m\u00e9dicale, psychologique et sociale, ils s&rsquo;appuient sur une double coordination m\u00e9dico-sociale devant permettre l&rsquo;observance aux traitements, l&rsquo;acc\u00e8s aux soins, l&rsquo;ouverture des droits sociaux et l&rsquo;aide \u00e0 l&rsquo;insertion sociale\u00a0\u00bb.<br \/>\n<\/span><\/p>\n<p><span style=\"font-size: 12pt;\">Il s&rsquo;agit de favoriser l&rsquo;autonomie et l&rsquo;insertion des personnes accueillies par un accompagnement personnalis\u00e9 et adapt\u00e9 \u00e0 leurs besoins. Les ACT \u00ab\u00a0hors les murs\u00a0\u00bb sont une modalit\u00e9 d&rsquo;accompagnement qui s&rsquo;inscrit dans une approche \u00ab\u00a0d&rsquo;aller vers\u00a0\u00bb. Ils r\u00e9pondent au besoin de d\u00e9ployer des interventions pluridisciplinaires au sein de toute forme d&rsquo;habitat (centre d&rsquo;h\u00e9bergement d&rsquo;urgence, logement autonome, rue, squat&#8230;) et visent \u00e0 r\u00e9pondre de mani\u00e8re mieux adapt\u00e9e aux besoins des usagers les plus \u00e9loign\u00e9s de l&rsquo;offre de soins et des dispositifs de pr\u00e9vention.<br \/>\n<\/span><\/p>\n<h5>Le public accueilli<\/h5>\n<p><span style=\"font-size: 12pt;\">Les b\u00e9n\u00e9ficiaires des ACT sont des personnes en situation de fragilit\u00e9 psychologique et sociale n\u00e9cessitant des soins et un suivi m\u00e9dical.<\/span><\/p>\n<p><span style=\"font-size: 12pt;\">Les ACT \u00ab\u00a0h\u00e9bergement\u00a0\u00bb propose un h\u00e9bergement temporaire. Les personnes accueillies doivent avoir une autonomie suffisante pour vivre seules en appartement autonome.<\/span><\/p>\n<h5>Capacit\u00e9 d&rsquo;accueil<\/h5>\n<p><span style=\"font-size: 12pt;\"><strong>15 ACT \u00ab\u00a0h\u00e9bergement\u00a0\u00bb<\/strong> : <\/span><span style=\"font-size: 12pt;\">Appartements individuels en diffus (dont deux \u00e9quip\u00e9s P.M.R) r\u00e9partis sur les communes de Carvin (7), Douai (6) et Lens (2). Tous les logements sont meubl\u00e9s et am\u00e9nag\u00e9s. Une participation mensuelle est demand\u00e9e. Elle correspond \u00e0 10% du forfait journalier hospitalier (2\u20ac par jour en 2024). Une responsabilit\u00e9 civile est exig\u00e9e \u00e0 l&rsquo;entr\u00e9e.<br \/>\n<\/span><\/p>\n<p><span style=\"font-size: 12pt;\"><strong>10 ACT \u00ab\u00a0hors les murs\u00a0\u00bb<\/strong> : Accompagnement sur le lieu de vie des personnes (logement autonome, rue, squat, h\u00e9bergement en structure sociale, chez un tiers&#8230;) sur les communaut\u00e9s d&rsquo;agglom\u00e9ration de Lens-Li\u00e9vin, H\u00e9nin-Carvin et du Douaisis.<br \/>\n<\/span><\/p>\n<h5>L&rsquo;\u00e9quipe pluridisciplinaire<\/h5>\n<p><span style=\"font-size: 12pt;\">L&rsquo;\u00e9quipe est compos\u00e9e :<\/span><\/p>\n<ul style=\"list-style-type: circle;\">\n<li><span style=\"font-size: 12pt;\">D&rsquo;un directeur<\/span><\/li>\n<li><span style=\"font-size: 12pt;\">D&rsquo;une secr\u00e9taire<\/span><\/li>\n<li><span style=\"font-size: 12pt;\">D&rsquo;un m\u00e9decin<\/span><\/li>\n<li><span style=\"font-size: 12pt;\">De deux infirmi\u00e8res<\/span><\/li>\n<li><span style=\"font-size: 12pt;\">D&rsquo;une psychologue<\/span><\/li>\n<li><span style=\"font-size: 12pt;\">De trois travailleurs sociaux<\/span><\/li>\n<li><span style=\"font-size: 12pt;\">D&rsquo;une technicienne de surface<\/span><\/li>\n<li><span style=\"font-size: 12pt;\">D&rsquo;un agent logistique et technique<\/span><\/li>\n<\/ul>\n<h5>La demande d&rsquo;admission<\/h5>\n<p><span style=\"font-size: 12pt;\">Le dossier unique d&rsquo;admission est compos\u00e9 d&rsquo;un dossier social et m\u00e9dical type.<\/span><\/p>\n<p><span style=\"font-size: 12pt;\">Les documents types sont accessibles aupr\u00e8s du secr\u00e9tariat, par mail ou sur notre site dans l&rsquo;onglet \u00ab\u00a0<em>documents \u00e0 t\u00e9l\u00e9charger\u00a0\u00bb<\/em>, ainsi que sur le site de la F\u00e9d\u00e9ration Sant\u00e9 Habitat.<\/span><\/p>\n<p><span style=\"font-size: 12pt;\">Les documents sont \u00e0 envoyer \u00e0 : <strong>admissions@le-sagittaire.fr<\/strong><\/span><\/p>\n<p><span style=\"font-size: 12pt;\">Pour le dossier m\u00e9dical : <strong>service.medical@le-sagittaire.fr<\/strong><\/span><\/p>\n<p><span style=\"font-size: 12pt;\">\u00c0 la r\u00e9ception du dossier complet, un accus\u00e9 de r\u00e9ception est envoy\u00e9 \u00e0 la personne demandeuse ainsi qu&rsquo;\u00e0 la structure ayant soutenu la demande. Si la demande correspond aux crit\u00e8res d&rsquo;admission du service, une visite d&rsquo;\u00e9valuation est programm\u00e9e.<\/span><\/p>\n<p><strong><span style=\"font-size: 12pt;\">La visite d&rsquo;\u00e9valuation<\/span><\/strong><\/p>\n<p><span style=\"font-size: 12pt;\">D\u00e9roulement de la visite:<\/span><\/p>\n<ul style=\"list-style-type: circle;\">\n<li><span style=\"font-size: 12pt;\">Entretien avec la direction et un travailleur social,<\/span><\/li>\n<li><span style=\"font-size: 12pt;\">Entretien avec le m\u00e9decin et la psychologue.<\/span><\/li>\n<\/ul>\n<p><span style=\"font-size: 12pt;\">\u00c0 l&rsquo;issue de ces entretiens, la commission se r\u00e9unit pour acter ou non l&rsquo;admission.<\/span><\/p>\n<h5>La prise en charge<\/h5>\n<p><span style=\"text-decoration: underline;\"><span style=\"font-size: 12pt;\">Prise en charge m\u00e9dicale :<\/span><\/span><\/p>\n<ul style=\"list-style-type: circle;\">\n<li><span style=\"font-size: 12pt;\">Coordination du parcours de soins,<\/span><\/li>\n<li><span style=\"font-size: 12pt;\">Orientation vers les services m\u00e9dicaux ou para m\u00e9dicaux comp\u00e9tents,<\/span><\/li>\n<li><span style=\"font-size: 12pt;\">Observance des traitements,<\/span><\/li>\n<li><span style=\"font-size: 12pt;\">Pr\u00e9vention et \u00e9ducation \u00e0 la sant\u00e9,<\/span><\/li>\n<li><span style=\"font-size: 12pt;\">Accompagnement physique aux rendez-vous si n\u00e9cessaire.<\/span><\/li>\n<\/ul>\n<p><span style=\"text-decoration: underline;\"><span style=\"font-size: 12pt;\">Prise en charge sociale :<\/span><\/span><\/p>\n<ul style=\"list-style-type: circle;\">\n<li><span style=\"font-size: 12pt;\">Ouverture et\/ou suivi des droits sociaux (AAH, RSA&#8230;),<\/span><\/li>\n<li><span style=\"font-size: 12pt;\">Pr\u00e9paration au relogement selon la situation,<\/span><\/li>\n<li><span style=\"font-size: 12pt;\">\u00c9ducation budg\u00e9taire,<\/span><\/li>\n<li><span style=\"font-size: 12pt;\">Aide au retour ou maintien \u00e0 l&#8217;emploi si possible,<\/span><\/li>\n<li><span style=\"font-size: 12pt;\">Accompagnement physique lors des d\u00e9marches ext\u00e9rieures si difficult\u00e9s&#8230;<\/span><\/li>\n<\/ul>\n<p><span style=\"text-decoration: underline;\"><span style=\"font-size: 12pt;\">Prise en charge psychologique :<br \/>\n<\/span><\/span><\/p>\n<ul style=\"list-style-type: circle;\">\n<li><span style=\"font-size: 12pt;\">\u00c9coute,<\/span><\/li>\n<li><span style=\"font-size: 12pt;\">Soutien face \u00e0 la maladie, aux diff\u00e9rentes difficult\u00e9s,<\/span><\/li>\n<li><span style=\"font-size: 12pt;\">R\u00e9flexion avec la personne malade sur le sens de son traitement,<\/span><\/li>\n<li><span style=\"font-size: 12pt;\">Pr\u00e9pare psychologiquement \u00e0 la sortie du dispositif&#8230;<\/span><\/li>\n<\/ul>\n<h5>Le Projet d&rsquo;Accompagnement Individualis\u00e9<\/h5>\n<p><span style=\"font-size: 12pt;\">L&rsquo;\u00e9quipe pluridisciplinaire de l&rsquo;Appartement de Coordination Th\u00e9rapeutique \u00e9labore avec chaque personne accueillie, un Projet d&rsquo;Accompagnement Individualis\u00e9 (PAI) adapt\u00e9 \u00e0 ses besoins, qui d\u00e9finit les objectifs th\u00e9rapeutiques m\u00e9dicaux, psychologiques et sociaux ainsi que les moyens mis en \u0153uvre pour les atteindre.<\/span><\/p>\n<p><span style=\"font-size: 12pt;\">Le PAI est \u00e9labor\u00e9 d\u00e8s le premier mois; Il \u00e9voluera durant tout le parcours en ACT, jusqu&rsquo;\u00e0 la sortie du dispositif.<\/span><\/p>\n<h5>Les actions collectives<\/h5>\n<p><span style=\"font-size: 12pt;\">Les activit\u00e9s collectives peuvent se d\u00e9cliner sous diff\u00e9rentes formes. Elles sont importantes pour cr\u00e9er du lien entre les r\u00e9sidents, rompre l&rsquo;isolement et se sentir valoris\u00e9s au sein d&rsquo;un groupe. Il s&rsquo;agit de moment de partage et de convivialit\u00e9. Les activit\u00e9s sont organis\u00e9es de mani\u00e8re r\u00e9guli\u00e8re et sont adaptables aux besoins des personnes.<\/span><\/p>\n<p><span style=\"font-size: 12pt;\">Exemples d&rsquo;activit\u00e9s :<\/span><\/p>\n<ul style=\"list-style-type: circle;\">\n<li><span style=\"font-size: 12pt;\">Atelier cuisine,<\/span><\/li>\n<li><span style=\"font-size: 12pt;\">Sortie culturelle (mus\u00e9e, monument historique&#8230;),<\/span><\/li>\n<li><span style=\"font-size: 12pt;\">Atelier marche,<\/span><\/li>\n<li><span style=\"font-size: 12pt;\">Atelier sant\u00e9&#8230;<\/span><\/li>\n<\/ul>\n<h5><span style=\"font-size: 12pt;\"><strong>La charte des droits et libert\u00e9s de la personne accueillie :<\/strong><\/span><\/h5>\n<p><span style=\"font-size: 12pt;\">Elle a \u00e9t\u00e9 \u00e9labor\u00e9e dans un cadre interminist\u00e9riel (arr\u00eat\u00e9 du 8 septembre 2003).<\/span><\/p>\n<p><span style=\"font-size: 12pt;\">Elle d\u00e9finit douze droits :<\/span><\/p>\n<ul>\n<li><span style=\"font-size: 12pt;\">Le principe de non-discrimination<\/span><\/li>\n<li><span style=\"font-size: 12pt;\">Le droit \u00e0 une prise en charge ou \u00e0 un accompagnement adapt\u00e9<\/span><\/li>\n<li><span style=\"font-size: 12pt;\">Le droit \u00e0 l&rsquo;information<\/span><\/li>\n<li><span style=\"font-size: 12pt;\">Le principe de libre choix, du consentement \u00e9clair\u00e9 et de la participation de la personne\u00a0<\/span><\/li>\n<li><span style=\"font-size: 12pt;\">Le doit \u00e0 la renonciation<\/span><\/li>\n<li><span style=\"font-size: 12pt;\">Le droit au respect des liens familiaux<\/span><\/li>\n<li><span style=\"font-size: 12pt;\">Le droit \u00e0 la protection<\/span><\/li>\n<li><span style=\"font-size: 12pt;\">Le droit \u00e0 l&rsquo;autonomie<\/span><\/li>\n<li><span style=\"font-size: 12pt;\">Le principe de pr\u00e9vention et de soutien<\/span><\/li>\n<li><span style=\"font-size: 12pt;\">Le droit \u00e0 l&rsquo;exercice des droits civiques attribu\u00e9s \u00e0 la personne accueillie<\/span><\/li>\n<li><span style=\"font-size: 12pt;\">Le droit \u00e0 la pratique religieuse<\/span><\/li>\n<li><span style=\"font-size: 12pt;\">Le respect de la dignit\u00e9 de la personnes et de sont intimit\u00e9<\/span><\/li>\n<\/ul>\n","protected":false},"excerpt":{"rendered":"<p>H\u00e9lios est un service d&rsquo;Appartements de Coordination Th\u00e9rapeutique comprenant 2 dispositifs :\u00a0 \u00ab\u00a0h\u00e9bergement\u00a0\u00bb et \u00ab\u00a0hors les murs\u00a0\u00bb. Le d\u00e9cret N\u00b02002-1227 du 3 octobre 2022 d\u00e9finit la fonction des ACT : \u00ab\u00a0Les Appartements de Coordination Th\u00e9rapeutique sont des structures qui h\u00e9bergent \u00e0 titre temporaire des personnes en situation de fragilit\u00e9 psychologique [&hellip;]<\/p>\n","protected":false},"author":1,"featured_media":754,"parent":0,"menu_order":0,"comment_status":"closed","ping_status":"closed","template":"","meta":{"footnotes":""},"class_list":["post-386","page","type-page","status-publish","has-post-thumbnail","hentry"],"_links":{"self":[{"href":"https:\/\/le-sagittaire.fr\/site\/wp-json\/wp\/v2\/pages\/386","targetHints":{"allow":["GET"]}}],"collection":[{"href":"https:\/\/le-sagittaire.fr\/site\/wp-json\/wp\/v2\/pages"}],"about":[{"href":"https:\/\/le-sagittaire.fr\/site\/wp-json\/wp\/v2\/types\/page"}],"author":[{"embeddable":true,"href":"https:\/\/le-sagittaire.fr\/site\/wp-json\/wp\/v2\/users\/1"}],"replies":[{"embeddable":true,"href":"https:\/\/le-sagittaire.fr\/site\/wp-json\/wp\/v2\/comments?post=386"}],"version-history":[{"count":35,"href":"https:\/\/le-sagittaire.fr\/site\/wp-json\/wp\/v2\/pages\/386\/revisions"}],"predecessor-version":[{"id":1130,"href":"https:\/\/le-sagittaire.fr\/site\/wp-json\/wp\/v2\/pages\/386\/revisions\/1130"}],"wp:featuredmedia":[{"embeddable":true,"href":"https:\/\/le-sagittaire.fr\/site\/wp-json\/wp\/v2\/media\/754"}],"wp:attachment":[{"href":"https:\/\/le-sagittaire.fr\/site\/wp-json\/wp\/v2\/media?parent=386"}],"curies":[{"name":"wp","href":"https:\/\/api.w.org\/{rel}","templated":true}]}}