{"id":270,"date":"2018-01-29T15:03:49","date_gmt":"2018-01-29T14:03:49","guid":{"rendered":"http:\/\/le-sagittaire.fr\/site\/?page_id=270"},"modified":"2024-09-16T16:25:01","modified_gmt":"2024-09-16T14:25:01","slug":"qui-sommes-nous","status":"publish","type":"page","link":"https:\/\/le-sagittaire.fr\/site\/qui-sommes-nous\/","title":{"rendered":"Qui sommes nous ?"},"content":{"rendered":"<p><span style=\"font-size: 12pt;\"><b>Pr\u00e9sentation de l&rsquo;Association<br \/>\n<\/b><\/span><\/p>\n<p><span style=\"font-size: 12pt;\">L&rsquo;association a \u00e9t\u00e9 cr\u00e9e en 1995 \u00e0 travers un Point Accueil \u00c9coute Jeunes et parents \u00ab\u00a0\u00c9quinoxe\u00a0\u00bb qui est donc le premier service de l&rsquo;Association et celui-ci est toujours en activit\u00e9. <\/span><\/p>\n<p><span style=\"font-size: 12pt;\">En 2007, l&rsquo;Association a souhait\u00e9 donner une nouvelle dynamique \u00e0 son activit\u00e9. Le projet des Appartements de Coordination Th\u00e9rapeutique \u00ab\u00a0H\u00e9lios\u00a0\u00bb est donc n\u00e9. <\/span><\/p>\n<p><span style=\"font-size: 12pt;\">Le service obtient d\u00e8s 2009 l&rsquo;autorisation d&rsquo;ouvrir 3 places sur le secteur Carvin-Lens. <\/span><\/p>\n<p><span style=\"font-size: 12pt;\">Le service comporte d\u00e9sormais en 2024, 15 places en ACT \u00ab\u00a0h\u00e9bergement\u00a0\u00bb et 10 places en ACT \u00ab\u00a0hors les murs\u00a0\u00bb.<\/span><span style=\"font-size: 12pt;\"><\/span><\/p>\n<p><span style=\"font-size: 12pt;\"><strong>Mission g\u00e9n\u00e9rale<\/strong><\/span><\/p>\n<p><span style=\"font-size: 12pt;\">Depuis sa cr\u00e9ation, l\u2019association a pour objet\u00a0:<\/span><\/p>\n<ul>\n<li><span style=\"font-size: 12pt;\">L\u2019\u00e9tude, la cr\u00e9ation, l\u2019organisation et la gestion de toute activit\u00e9 ou structure visant \u00e0 la pr\u00e9vention, aux soins, \u00e0 l\u2019accompagnement direct ou indirect de personnes connaissant des probl\u00e8mes m\u00e9dicaux, psychologiques et sociaux, entra\u00een\u00e9s par l\u2019utilisation de drogues psycho actives, l\u00e9gales ou ill\u00e9gales et de leurs cons\u00e9quences directes ou indirectes.<\/span><\/li>\n<li><span style=\"font-size: 12pt;\">La sensibilisation, l\u2019information de tout public\u00a0&#8211; jeunes et adultes, professionnels ou non &#8211; en mati\u00e8re de pr\u00e9vention, soins et accompagnement des usagers de drogues psycho actives l\u00e9gales ou ill\u00e9gales.<\/span><\/li>\n<li><span style=\"font-size: 12pt;\">La recherche de toute information ou contacts, propres \u00e0 \u00e9largir et faciliter son action.<\/span><\/li>\n<li><span style=\"font-size: 12pt;\">L&rsquo;accompagnement m\u00e9dico-psycho-social de malades chroniques (VIH, VHC, cancer, diab\u00e8te) en situation de pr\u00e9carit\u00e9 sociale et\/ou psychologique.<\/span><\/li>\n<\/ul>\n<p><strong><span style=\"font-size: 12pt;\">Les valeurs fondamentales d\u00e9fendues par l&rsquo;Association Le Sagittaire sont les suivantes :<\/span><\/strong><\/p>\n<p><span style=\"text-decoration: underline;\"><span style=\"font-size: 12pt;\">Respect de la dignit\u00e9 humaine<\/span><\/span><span style=\"font-size: 12pt;\"> : l<\/span><span style=\"font-size: 12pt;\">a notion de dignit\u00e9 humaine fait r\u00e9f\u00e9rence \u00e0 une qualit\u00e9 li\u00e9e \u00e0 l&rsquo;\u00eatre m\u00eame de chaque homme, ce qui explique qu&rsquo;elle soit la m\u00eame pour tous et qu&rsquo;elle n&rsquo;admette pas de degr\u00e9s. Convaincu que le respect de la dignit\u00e9 humaine passe par la qualit\u00e9 de l&rsquo;accueil, le Sagittaire porte une attention particuli\u00e8re \u00e0 ce que toute personne accueillie b\u00e9n\u00e9ficie d&rsquo;un respect inconditionnel, quel que soit l&rsquo;\u00e2ge, le sexe, la sant\u00e9 physique ou mentale, la religion, la condition sociale ou l&rsquo;origine ethnique de l&rsquo;individu en question. Il reconna\u00eet les comp\u00e9tences et savoirs des personnes et des groupes ainsi que des organisations sociales.<\/span><\/p>\n<p><span style=\"text-decoration: underline;\"><span style=\"font-size: 12pt;\">Responsabilit\u00e9 et autonomie de la personne<\/span><\/span><span style=\"font-size: 12pt;\"> : l<\/span><span style=\"font-size: 12pt;\">a responsabilit\u00e9 consiste en une capacit\u00e9 pour un sujet volontaire et conscient de prendre une d\u00e9cision sans en r\u00e9f\u00e9rer au pr\u00e9alable \u00e0 une autorit\u00e9 sup\u00e9rieure, \u00e0 pouvoir donner les motifs de ses actes, et \u00e0 \u00eatre jug\u00e9 sur eux. L&rsquo;autonomie, quant \u00e0 elle, est cette qualit\u00e9 dynamique de l&rsquo;\u00eatre humain, qui trouve son \u00e9quilibre personnel entre les r\u00e8gles qu&rsquo;il s&rsquo;est lui-m\u00eame choisies, et celles qui lui sont impos\u00e9es, mais dont il admet le bien-fond\u00e9. Le Sagittaire entend respecter ce principe fondamental qu&rsquo;est l&rsquo;autonomie individuelles, en donnant les moyens et informations utiles \u00e0 la personne afin qu&rsquo;elle puisse prendre une d\u00e9cision \u00e9clair\u00e9e. Elle rend la personne responsable et libre de ses choix, elle la replace dans la ma\u00eetrise de sa propre histoire. Elle a le souci de la pr\u00e9sentation de la part d&rsquo;autonomie de toute personne prise en charge, et de son libre arbitre.<\/span><\/p>\n<p><span style=\"text-decoration: underline;\"><span style=\"font-size: 12pt;\">Anonymat et confidentialit\u00e9<\/span><\/span><span style=\"font-size: 12pt;\"> : l<\/span><span style=\"font-size: 12pt;\">e Sagittaire respecte l&rsquo;anonymat des personnes accueillies et garantit la confidentialit\u00e9 des informations la concernant. cependant, afin de garantir la meilleure prise en charge possible pour la personne et d&rsquo;en assurer la continuit\u00e9, les professionnels du service peuvent, sauf opposition de la personne et d\u00fbment avertie, \u00e9changer et partager des informations relatives \u00e0 la m\u00eame personne, rentrant ainsi dans le cadre du secret partag\u00e9. Enfin, le professionnel est dans l&rsquo;obligation l\u00e9gale de lever toute confidentialit\u00e9 en cas de maltraitance sur mineur. Sa responsabilit\u00e9 professionnelle et civile y est engag\u00e9e.<\/span><\/p>\n<p><span style=\"text-decoration: underline;\"><span style=\"font-size: 12pt;\">\u00c9quit\u00e9<\/span><\/span><span style=\"font-size: 12pt;\"> : l<\/span><span style=\"font-size: 12pt;\">&lsquo;\u00e9quit\u00e9 se d\u00e9finit comme la qualit\u00e9 de celui qui juge impartialement, qui reconna\u00eet les droits de chacun. Le Sagittaire s&#8217;emploie \u00e0 promouvoir pour toutes les personnes l&rsquo;acc\u00e8s \u00e0 un lieu d&rsquo;accueil et d&rsquo;\u00e9coute. Il ne met pas en concurrence les dossiers de demande d&rsquo;admission les uns avec les autres et propose le m\u00eame accompagnement d&rsquo;un point de vue \u00e9thique. Il est sensible aux personnes d\u00e9favoris\u00e9es voire exclues sur un plan financier, social ou culturel. Pour ce faire, l&rsquo;Association favorise la proximit\u00e9 de ses services. L&rsquo;Association se doit d&rsquo;\u00eatre clairement identifi\u00e9e dans l&rsquo;ensemble de ses missions par les partenaires et les interlocuteurs. Elle peut apporter son soutien en mati\u00e8re de pr\u00e9vention des conduites \u00e0 risque.<\/span><\/p>\n<p><span style=\"text-decoration: underline;\"><span style=\"font-size: 12pt;\">Approche globale<\/span><\/span><span style=\"font-size: 12pt;\"> : t<\/span><span style=\"font-size: 12pt;\">oute personne doit \u00eatre accueillie et rencontr\u00e9e au travers une approche globale, prenant en compte l&rsquo;ensemble des facteurs qui la d\u00e9termine. Ainsi, les facteurs \u00e9conomique, social m\u00e9dical, psychologique et culturel doivent \u00eatre retenus dans l&rsquo;\u00e9valuation et la prise en charge de la probl\u00e9matique singuli\u00e8re de la personne.<\/span><\/p>\n<p><span style=\"font-size: 12pt;\"><span style=\"text-decoration: underline;\">La\u00efcit\u00e9 et ind\u00e9pendance<\/span><strong> : l<\/strong><\/span><span style=\"font-size: 12pt;\">e Sagittaire met en avant son ind\u00e9pendance ; il n&rsquo;\u00e9mane d&rsquo;aucun courant religieux ou politique. Il lutte contre l&rsquo;exclusion et vient en aide aux personnes en difficult\u00e9s avec le souci et la volont\u00e9 de promouvoir les principes de tol\u00e9rance, de respect des croyances et des convictions politiques.<\/span><\/p>\n<p><strong><span style=\"font-size: 12pt;\">La charte de bientraitance :\u00a0<\/span><\/strong><\/p>\n<ul style=\"list-style-type: disc;\">\n<li style=\"text-align: justify;\"><span style=\"font-size: 12pt;\"><strong>Adopter\u00a0<\/strong>en toute circonstance une attitude professionnelle d&rsquo;\u00e9coute et de discernement \u00e0 chaque \u00e9tape du parcours de l&rsquo;usager.<\/span><\/li>\n<li style=\"text-align: justify;\"><span style=\"font-size: 12pt;\"><strong>Donner\u00a0<\/strong>\u00e0 l&rsquo;usager et \u00e0 ses proches une information accessible, individuelle et loyale.<\/span><\/li>\n<li style=\"text-align: justify;\"><span style=\"font-size: 12pt;\"><strong>Garantir\u00a0<\/strong>\u00e0 l&rsquo;usager d&rsquo;\u00eatre coauteur de son projet en prenant en compte sa libert\u00e9 de choix et de d\u00e9cision.<\/span><\/li>\n<li style=\"text-align: justify;\"><span style=\"font-size: 12pt;\"><strong>Mettre\u00a0<\/strong>tout en oeuvre pour respecter l&rsquo;int\u00e9grit\u00e9 physique et psychique, la dignit\u00e9 et l&rsquo;intimit\u00e9 de l&rsquo;usager.<\/span><\/li>\n<li style=\"text-align: justify;\"><span style=\"font-size: 12pt;\"><strong>S&rsquo;imposer\u00a0<\/strong>le respect de la confidentialit\u00e9 des informations relatives \u00e0 l&rsquo;usager.<\/span><\/li>\n<li style=\"text-align: justify;\"><span style=\"font-size: 12pt;\"><strong>Agir\u00a0<\/strong>contre la douleur aigu\u00eb et\/ou chronique physique et\/ou morale.<\/span><\/li>\n<li style=\"text-align: justify;\"><span style=\"font-size: 12pt;\"><strong>Accompagner\u00a0<\/strong>la personne et ses proches dans la fin de vie.<\/span><\/li>\n<li style=\"text-align: justify;\"><span style=\"font-size: 12pt;\"><strong>Rechercher<\/strong>\u00a0constamment l&rsquo;am\u00e9lioration des prestations d&rsquo;accueil, d&rsquo;h\u00f4tellerie, d&rsquo;hygi\u00e8ne, de transports, etc.<\/span><\/li>\n<li style=\"text-align: justify;\"><span style=\"font-size: 12pt;\"><strong>Garantir<\/strong> une prise en charge m\u00e9dicale et soignante conforme aux bonnes pratiques et recommandations.<\/span><\/li>\n<li style=\"text-align: justify;\"><span style=\"font-size: 12pt;\"><strong>\u00c9valuer\u00a0<\/strong>et prendre en compte la satisfaction des usagers et de leur entourage dans la dynamique d&rsquo;am\u00e9lioration continue des services propos\u00e9s.<\/span><\/li>\n<\/ul>\n","protected":false},"excerpt":{"rendered":"<p>Pr\u00e9sentation de l&rsquo;Association L&rsquo;association a \u00e9t\u00e9 cr\u00e9e en 1995 \u00e0 travers un Point Accueil \u00c9coute Jeunes et parents \u00ab\u00a0\u00c9quinoxe\u00a0\u00bb qui est donc le premier service de l&rsquo;Association et celui-ci est toujours en activit\u00e9. En 2007, l&rsquo;Association a souhait\u00e9 donner une nouvelle dynamique \u00e0 son activit\u00e9. Le projet des Appartements de [&hellip;]<\/p>\n","protected":false},"author":2,"featured_media":79,"parent":0,"menu_order":0,"comment_status":"closed","ping_status":"closed","template":"","meta":{"footnotes":""},"class_list":["post-270","page","type-page","status-publish","has-post-thumbnail","hentry"],"_links":{"self":[{"href":"https:\/\/le-sagittaire.fr\/site\/wp-json\/wp\/v2\/pages\/270","targetHints":{"allow":["GET"]}}],"collection":[{"href":"https:\/\/le-sagittaire.fr\/site\/wp-json\/wp\/v2\/pages"}],"about":[{"href":"https:\/\/le-sagittaire.fr\/site\/wp-json\/wp\/v2\/types\/page"}],"author":[{"embeddable":true,"href":"https:\/\/le-sagittaire.fr\/site\/wp-json\/wp\/v2\/users\/2"}],"replies":[{"embeddable":true,"href":"https:\/\/le-sagittaire.fr\/site\/wp-json\/wp\/v2\/comments?post=270"}],"version-history":[{"count":19,"href":"https:\/\/le-sagittaire.fr\/site\/wp-json\/wp\/v2\/pages\/270\/revisions"}],"predecessor-version":[{"id":1110,"href":"https:\/\/le-sagittaire.fr\/site\/wp-json\/wp\/v2\/pages\/270\/revisions\/1110"}],"wp:featuredmedia":[{"embeddable":true,"href":"https:\/\/le-sagittaire.fr\/site\/wp-json\/wp\/v2\/media\/79"}],"wp:attachment":[{"href":"https:\/\/le-sagittaire.fr\/site\/wp-json\/wp\/v2\/media?parent=270"}],"curies":[{"name":"wp","href":"https:\/\/api.w.org\/{rel}","templated":true}]}}